{"id":145,"date":"2019-10-29T21:05:45","date_gmt":"2019-10-29T20:05:45","guid":{"rendered":"https:\/\/alti-hotel.ms.decms.eu\/hotel-alti\/"},"modified":"2022-01-06T18:12:51","modified_gmt":"2022-01-06T17:12:51","slug":"hotel-alti","status":"publish","type":"page","link":"https:\/\/www.alti-hotel.com\/es\/","title":{"rendered":"Hotel Alti"},"content":{"rendered":"<p style=\"text-align: center;\">Situado a unos metros de los ba\u00f1os termales y del telef\u00e9rico, se puede llegar a la estaci\u00f3n de esqu\u00ed de Superbagn\u00e8res en unos minutos. El Alti Hotel goza de una ubicaci\u00f3n privilegiada, con un ambiente tranquilo propicio para una estancia relajante.<\/p>\n<p style=\"text-align: center;\">Contamos con 47 habitaciones que combinan confort, equipamiento de calidad y modernidad.<\/p>\n","protected":false},"excerpt":{"rendered":"<p>Situado a unos metros de los ba\u00f1os termales y del telef\u00e9rico, se puede llegar a la estaci\u00f3n de esqu\u00ed de Superbagn\u00e8res en unos minutos. El Alti Hotel goza de una ubicaci\u00f3n privilegiada, con un ambiente tranquilo propicio para una estancia relajante. Contamos con 47 habitaciones que combinan confort, equipamiento de calidad y modernidad.<\/p>\n","protected":false},"author":5,"featured_media":0,"parent":0,"menu_order":10,"comment_status":"closed","ping_status":"closed","template":"","meta":{"footnotes":""},"class_list":["post-145","page","type-page","status-publish","hentry"],"yoast_head":"<!-- This site is optimized with the Yoast SEO plugin v26.9 - https:\/\/yoast.com\/product\/yoast-seo-wordpress\/ -->\n<title>Hotel Alti - Bagn\u00e8res de Luchon<\/title>\n<meta name=\"description\" content=\"Situado a unos metros de los ba\u00f1os termales y del telef\u00e9rico, se puede llegar a la estaci\u00f3n de esqu\u00ed de Superbagn\u00e8res en unos minutos.\" \/>\n<meta name=\"robots\" content=\"index, follow, max-snippet:-1, max-image-preview:large, max-video-preview:-1\" \/>\n<link rel=\"canonical\" href=\"https:\/\/www.alti-hotel.com\/es\/\" \/>\n<meta property=\"og:locale\" content=\"es_ES\" \/>\n<meta property=\"og:type\" content=\"article\" \/>\n<meta property=\"og:title\" content=\"Hotel Alti - Bagn\u00e8res de Luchon\" \/>\n<meta property=\"og:description\" content=\"Situado a unos metros de los ba\u00f1os termales y del telef\u00e9rico, se puede llegar a la estaci\u00f3n de esqu\u00ed de Superbagn\u00e8res en unos minutos.\" \/>\n<meta property=\"og:url\" content=\"https:\/\/www.alti-hotel.com\/es\/\" \/>\n<meta property=\"og:site_name\" content=\"Alti Hotel\" \/>\n<meta property=\"article:modified_time\" content=\"2022-01-06T17:12:51+00:00\" \/>\n<meta name=\"twitter:card\" content=\"summary_large_image\" \/>\n<meta name=\"twitter:label1\" content=\"Tiempo de lectura\" \/>\n\t<meta name=\"twitter:data1\" content=\"1 minuto\" \/>\n<script type=\"application\/ld+json\" class=\"yoast-schema-graph\">{\"@context\":\"https:\/\/schema.org\",\"@graph\":[{\"@type\":\"WebPage\",\"@id\":\"https:\/\/www.alti-hotel.com\/es\/\",\"url\":\"https:\/\/www.alti-hotel.com\/es\/\",\"name\":\"Hotel Alti - Bagn\u00e8res de Luchon\",\"isPartOf\":{\"@id\":\"https:\/\/www.alti-hotel.com\/es\/#website\"},\"datePublished\":\"2019-10-29T20:05:45+00:00\",\"dateModified\":\"2022-01-06T17:12:51+00:00\",\"description\":\"Situado a unos metros de los ba\u00f1os termales y del telef\u00e9rico, se puede llegar a la estaci\u00f3n de esqu\u00ed de Superbagn\u00e8res en unos minutos.\",\"breadcrumb\":{\"@id\":\"https:\/\/www.alti-hotel.com\/es\/#breadcrumb\"},\"inLanguage\":\"es\",\"potentialAction\":[{\"@type\":\"ReadAction\",\"target\":[\"https:\/\/www.alti-hotel.com\/es\/\"]}]},{\"@type\":\"BreadcrumbList\",\"@id\":\"https:\/\/www.alti-hotel.com\/es\/#breadcrumb\",\"itemListElement\":[{\"@type\":\"ListItem\",\"position\":1,\"name\":\"Accueil\",\"item\":\"https:\/\/www.alti-hotel.com\/es\/\"},{\"@type\":\"ListItem\",\"position\":2,\"name\":\"Hotel Alti\"}]},{\"@type\":\"WebSite\",\"@id\":\"https:\/\/www.alti-hotel.com\/es\/#website\",\"url\":\"https:\/\/www.alti-hotel.com\/es\/\",\"name\":\"Alti Hotel\",\"description\":\"\",\"potentialAction\":[{\"@type\":\"SearchAction\",\"target\":{\"@type\":\"EntryPoint\",\"urlTemplate\":\"https:\/\/www.alti-hotel.com\/es\/?s={search_term_string}\"},\"query-input\":{\"@type\":\"PropertyValueSpecification\",\"valueRequired\":true,\"valueName\":\"search_term_string\"}}],\"inLanguage\":\"es\"}]}<\/script>\n<!-- \/ Yoast SEO plugin. -->","yoast_head_json":{"title":"Hotel Alti - Bagn\u00e8res de Luchon","description":"Situado a unos metros de los ba\u00f1os termales y del telef\u00e9rico, se puede llegar a la estaci\u00f3n de esqu\u00ed de Superbagn\u00e8res en unos minutos.","robots":{"index":"index","follow":"follow","max-snippet":"max-snippet:-1","max-image-preview":"max-image-preview:large","max-video-preview":"max-video-preview:-1"},"canonical":"https:\/\/www.alti-hotel.com\/es\/","og_locale":"es_ES","og_type":"article","og_title":"Hotel Alti - Bagn\u00e8res de Luchon","og_description":"Situado a unos metros de los ba\u00f1os termales y del telef\u00e9rico, se puede llegar a la estaci\u00f3n de esqu\u00ed de Superbagn\u00e8res en unos minutos.","og_url":"https:\/\/www.alti-hotel.com\/es\/","og_site_name":"Alti Hotel","article_modified_time":"2022-01-06T17:12:51+00:00","twitter_card":"summary_large_image","twitter_misc":{"Tiempo de lectura":"1 minuto"},"schema":{"@context":"https:\/\/schema.org","@graph":[{"@type":"WebPage","@id":"https:\/\/www.alti-hotel.com\/es\/","url":"https:\/\/www.alti-hotel.com\/es\/","name":"Hotel Alti - Bagn\u00e8res de Luchon","isPartOf":{"@id":"https:\/\/www.alti-hotel.com\/es\/#website"},"datePublished":"2019-10-29T20:05:45+00:00","dateModified":"2022-01-06T17:12:51+00:00","description":"Situado a unos metros de los ba\u00f1os termales y del telef\u00e9rico, se puede llegar a la estaci\u00f3n de esqu\u00ed de Superbagn\u00e8res en unos minutos.","breadcrumb":{"@id":"https:\/\/www.alti-hotel.com\/es\/#breadcrumb"},"inLanguage":"es","potentialAction":[{"@type":"ReadAction","target":["https:\/\/www.alti-hotel.com\/es\/"]}]},{"@type":"BreadcrumbList","@id":"https:\/\/www.alti-hotel.com\/es\/#breadcrumb","itemListElement":[{"@type":"ListItem","position":1,"name":"Accueil","item":"https:\/\/www.alti-hotel.com\/es\/"},{"@type":"ListItem","position":2,"name":"Hotel Alti"}]},{"@type":"WebSite","@id":"https:\/\/www.alti-hotel.com\/es\/#website","url":"https:\/\/www.alti-hotel.com\/es\/","name":"Alti Hotel","description":"","potentialAction":[{"@type":"SearchAction","target":{"@type":"EntryPoint","urlTemplate":"https:\/\/www.alti-hotel.com\/es\/?s={search_term_string}"},"query-input":{"@type":"PropertyValueSpecification","valueRequired":true,"valueName":"search_term_string"}}],"inLanguage":"es"}]}},"acf":[],"_links":{"self":[{"href":"https:\/\/www.alti-hotel.com\/es\/wp-json\/wp\/v2\/pages\/145","targetHints":{"allow":["GET"]}}],"collection":[{"href":"https:\/\/www.alti-hotel.com\/es\/wp-json\/wp\/v2\/pages"}],"about":[{"href":"https:\/\/www.alti-hotel.com\/es\/wp-json\/wp\/v2\/types\/page"}],"author":[{"embeddable":true,"href":"https:\/\/www.alti-hotel.com\/es\/wp-json\/wp\/v2\/users\/5"}],"replies":[{"embeddable":true,"href":"https:\/\/www.alti-hotel.com\/es\/wp-json\/wp\/v2\/comments?post=145"}],"version-history":[{"count":0,"href":"https:\/\/www.alti-hotel.com\/es\/wp-json\/wp\/v2\/pages\/145\/revisions"}],"wp:attachment":[{"href":"https:\/\/www.alti-hotel.com\/es\/wp-json\/wp\/v2\/media?parent=145"}],"curies":[{"name":"wp","href":"https:\/\/api.w.org\/{rel}","templated":true}]}}