{"id":149,"date":"2021-12-06T13:18:37","date_gmt":"2021-12-06T12:18:37","guid":{"rendered":"https:\/\/alti-hotel.ms.decms.eu\/nuestras-habitaciones\/chambre-pmr\/"},"modified":"2021-12-17T15:12:50","modified_gmt":"2021-12-17T14:12:50","slug":"habitacion-pmr","status":"publish","type":"page","link":"https:\/\/www.alti-hotel.com\/es\/nuestras-habitaciones\/habitacion-pmr\/","title":{"rendered":"Habitaci\u00f3n PMR"},"content":{"rendered":"<p><strong>25 M\u00b2<\/strong><\/p>\n<p style=\"text-align: left;\">Amplia habitaci\u00f3n de 25 metros cuadrados con aire acondicionado decorada en tonos neutros, el ba\u00f1o est\u00e1 adaptado para personas con movilidad reducida (ducha, barra de apoyo).<\/p>\n<p style=\"text-align: left;\">TV de pantalla plana con acceso a BeIN sport y caja fuerte.<\/p>\n<p style=\"text-align: left;\">Algunas de estas habitaciones cuentan con un sof\u00e1 cama para un ni\u00f1o.<\/p>\n","protected":false},"excerpt":{"rendered":"<p>25 M\u00b2 Amplia habitaci\u00f3n de 25 metros cuadrados con aire acondicionado decorada en tonos neutros, el ba\u00f1o est\u00e1 adaptado para personas con movilidad reducida (ducha, barra de apoyo). TV de pantalla plana con acceso a BeIN sport y caja fuerte. Algunas de estas habitaciones cuentan con un sof\u00e1 cama para un ni\u00f1o.<\/p>\n","protected":false},"author":46,"featured_media":0,"parent":146,"menu_order":230,"comment_status":"closed","ping_status":"closed","template":"template-single-room.php","meta":{"footnotes":""},"class_list":["post-149","page","type-page","status-publish","hentry"],"yoast_head":"<!-- This site is optimized with the Yoast SEO plugin v26.9 - https:\/\/yoast.com\/product\/yoast-seo-wordpress\/ -->\n<title>Habitaci\u00f3n PMR - Alti Hotel<\/title>\n<meta name=\"description\" content=\"25 M\u00b2 Amplia habitaci\u00f3n de 25 metros cuadrados con aire acondicionado decorada en tonos neutros, el ba\u00f1o est\u00e1 adaptado para personas con movilidad\" \/>\n<meta name=\"robots\" content=\"index, follow, max-snippet:-1, max-image-preview:large, max-video-preview:-1\" \/>\n<link rel=\"canonical\" href=\"https:\/\/www.alti-hotel.com\/es\/nuestras-habitaciones\/habitacion-pmr\/\" \/>\n<meta property=\"og:locale\" content=\"es_ES\" \/>\n<meta property=\"og:type\" content=\"article\" \/>\n<meta property=\"og:title\" content=\"Habitaci\u00f3n PMR - Alti Hotel\" \/>\n<meta property=\"og:description\" content=\"25 M\u00b2 Amplia habitaci\u00f3n de 25 metros cuadrados con aire acondicionado decorada en tonos neutros, el ba\u00f1o est\u00e1 adaptado para personas con movilidad\" \/>\n<meta property=\"og:url\" content=\"https:\/\/www.alti-hotel.com\/es\/nuestras-habitaciones\/habitacion-pmr\/\" \/>\n<meta property=\"og:site_name\" content=\"Alti Hotel\" \/>\n<meta property=\"article:modified_time\" content=\"2021-12-17T14:12:50+00:00\" \/>\n<meta name=\"twitter:card\" content=\"summary_large_image\" \/>\n<meta name=\"twitter:label1\" content=\"Tiempo de lectura\" \/>\n\t<meta name=\"twitter:data1\" content=\"1 minuto\" \/>\n<script type=\"application\/ld+json\" class=\"yoast-schema-graph\">{\"@context\":\"https:\/\/schema.org\",\"@graph\":[{\"@type\":\"WebPage\",\"@id\":\"https:\/\/www.alti-hotel.com\/es\/nuestras-habitaciones\/habitacion-pmr\/\",\"url\":\"https:\/\/www.alti-hotel.com\/es\/nuestras-habitaciones\/habitacion-pmr\/\",\"name\":\"Habitaci\u00f3n PMR - Alti Hotel\",\"isPartOf\":{\"@id\":\"https:\/\/www.alti-hotel.com\/es\/#website\"},\"datePublished\":\"2021-12-06T12:18:37+00:00\",\"dateModified\":\"2021-12-17T14:12:50+00:00\",\"description\":\"25 M\u00b2 Amplia habitaci\u00f3n de 25 metros cuadrados con aire acondicionado decorada en tonos neutros, el ba\u00f1o est\u00e1 adaptado para personas con movilidad\",\"breadcrumb\":{\"@id\":\"https:\/\/www.alti-hotel.com\/es\/nuestras-habitaciones\/habitacion-pmr\/#breadcrumb\"},\"inLanguage\":\"es\",\"potentialAction\":[{\"@type\":\"ReadAction\",\"target\":[\"https:\/\/www.alti-hotel.com\/es\/nuestras-habitaciones\/habitacion-pmr\/\"]}]},{\"@type\":\"BreadcrumbList\",\"@id\":\"https:\/\/www.alti-hotel.com\/es\/nuestras-habitaciones\/habitacion-pmr\/#breadcrumb\",\"itemListElement\":[{\"@type\":\"ListItem\",\"position\":1,\"name\":\"Accueil\",\"item\":\"https:\/\/www.alti-hotel.com\/es\/\"},{\"@type\":\"ListItem\",\"position\":2,\"name\":\"Nuestras habitaciones\",\"item\":\"https:\/\/www.alti-hotel.com\/es\/nuestras-habitaciones\/\"},{\"@type\":\"ListItem\",\"position\":3,\"name\":\"Habitaci\u00f3n PMR\"}]},{\"@type\":\"WebSite\",\"@id\":\"https:\/\/www.alti-hotel.com\/es\/#website\",\"url\":\"https:\/\/www.alti-hotel.com\/es\/\",\"name\":\"Alti Hotel\",\"description\":\"\",\"potentialAction\":[{\"@type\":\"SearchAction\",\"target\":{\"@type\":\"EntryPoint\",\"urlTemplate\":\"https:\/\/www.alti-hotel.com\/es\/?s={search_term_string}\"},\"query-input\":{\"@type\":\"PropertyValueSpecification\",\"valueRequired\":true,\"valueName\":\"search_term_string\"}}],\"inLanguage\":\"es\"}]}<\/script>\n<!-- \/ Yoast SEO plugin. -->","yoast_head_json":{"title":"Habitaci\u00f3n PMR - Alti Hotel","description":"25 M\u00b2 Amplia habitaci\u00f3n de 25 metros cuadrados con aire acondicionado decorada en tonos neutros, el ba\u00f1o est\u00e1 adaptado para personas con movilidad","robots":{"index":"index","follow":"follow","max-snippet":"max-snippet:-1","max-image-preview":"max-image-preview:large","max-video-preview":"max-video-preview:-1"},"canonical":"https:\/\/www.alti-hotel.com\/es\/nuestras-habitaciones\/habitacion-pmr\/","og_locale":"es_ES","og_type":"article","og_title":"Habitaci\u00f3n PMR - Alti Hotel","og_description":"25 M\u00b2 Amplia habitaci\u00f3n de 25 metros cuadrados con aire acondicionado decorada en tonos neutros, el ba\u00f1o est\u00e1 adaptado para personas con movilidad","og_url":"https:\/\/www.alti-hotel.com\/es\/nuestras-habitaciones\/habitacion-pmr\/","og_site_name":"Alti Hotel","article_modified_time":"2021-12-17T14:12:50+00:00","twitter_card":"summary_large_image","twitter_misc":{"Tiempo de lectura":"1 minuto"},"schema":{"@context":"https:\/\/schema.org","@graph":[{"@type":"WebPage","@id":"https:\/\/www.alti-hotel.com\/es\/nuestras-habitaciones\/habitacion-pmr\/","url":"https:\/\/www.alti-hotel.com\/es\/nuestras-habitaciones\/habitacion-pmr\/","name":"Habitaci\u00f3n PMR - Alti Hotel","isPartOf":{"@id":"https:\/\/www.alti-hotel.com\/es\/#website"},"datePublished":"2021-12-06T12:18:37+00:00","dateModified":"2021-12-17T14:12:50+00:00","description":"25 M\u00b2 Amplia habitaci\u00f3n de 25 metros cuadrados con aire acondicionado decorada en tonos neutros, el ba\u00f1o est\u00e1 adaptado para personas con movilidad","breadcrumb":{"@id":"https:\/\/www.alti-hotel.com\/es\/nuestras-habitaciones\/habitacion-pmr\/#breadcrumb"},"inLanguage":"es","potentialAction":[{"@type":"ReadAction","target":["https:\/\/www.alti-hotel.com\/es\/nuestras-habitaciones\/habitacion-pmr\/"]}]},{"@type":"BreadcrumbList","@id":"https:\/\/www.alti-hotel.com\/es\/nuestras-habitaciones\/habitacion-pmr\/#breadcrumb","itemListElement":[{"@type":"ListItem","position":1,"name":"Accueil","item":"https:\/\/www.alti-hotel.com\/es\/"},{"@type":"ListItem","position":2,"name":"Nuestras habitaciones","item":"https:\/\/www.alti-hotel.com\/es\/nuestras-habitaciones\/"},{"@type":"ListItem","position":3,"name":"Habitaci\u00f3n PMR"}]},{"@type":"WebSite","@id":"https:\/\/www.alti-hotel.com\/es\/#website","url":"https:\/\/www.alti-hotel.com\/es\/","name":"Alti Hotel","description":"","potentialAction":[{"@type":"SearchAction","target":{"@type":"EntryPoint","urlTemplate":"https:\/\/www.alti-hotel.com\/es\/?s={search_term_string}"},"query-input":{"@type":"PropertyValueSpecification","valueRequired":true,"valueName":"search_term_string"}}],"inLanguage":"es"}]}},"acf":[],"_links":{"self":[{"href":"https:\/\/www.alti-hotel.com\/es\/wp-json\/wp\/v2\/pages\/149","targetHints":{"allow":["GET"]}}],"collection":[{"href":"https:\/\/www.alti-hotel.com\/es\/wp-json\/wp\/v2\/pages"}],"about":[{"href":"https:\/\/www.alti-hotel.com\/es\/wp-json\/wp\/v2\/types\/page"}],"author":[{"embeddable":true,"href":"https:\/\/www.alti-hotel.com\/es\/wp-json\/wp\/v2\/users\/46"}],"replies":[{"embeddable":true,"href":"https:\/\/www.alti-hotel.com\/es\/wp-json\/wp\/v2\/comments?post=149"}],"version-history":[{"count":0,"href":"https:\/\/www.alti-hotel.com\/es\/wp-json\/wp\/v2\/pages\/149\/revisions"}],"up":[{"embeddable":true,"href":"https:\/\/www.alti-hotel.com\/es\/wp-json\/wp\/v2\/pages\/146"}],"wp:attachment":[{"href":"https:\/\/www.alti-hotel.com\/es\/wp-json\/wp\/v2\/media?parent=149"}],"curies":[{"name":"wp","href":"https:\/\/api.w.org\/{rel}","templated":true}]}}