{"id":156,"date":"2021-12-06T13:36:22","date_gmt":"2021-12-06T12:36:22","guid":{"rendered":"https:\/\/alti-hotel.ms.decms.eu\/destination-bagneres-de-luchon\/"},"modified":"2021-12-17T17:09:21","modified_gmt":"2021-12-17T16:09:21","slug":"destino-bagneres-de-luchon","status":"publish","type":"page","link":"https:\/\/www.alti-hotel.com\/es\/destino-bagneres-de-luchon\/","title":{"rendered":"Destino Bagn\u00e8res de Luchon"},"content":{"rendered":"<p style=\"text-align: center;\">Disfute de su estancia en los Pirineos Centrales y multiplique las actividades deportivas, culturales o de bienestar en un ambiente agradable y majestuoso.<\/p>\n<p style=\"text-align: center;\">Las monta\u00f1as de Luchon que cuentan con 16 cumbres de m\u00e1s de 3000 metros, le invitan naturalmente a practicar senderismo y barranquismo. Una oficina de monta\u00f1as y gu\u00edas le aconsejar\u00e1n o le acompa\u00f1ar\u00e1n hasta sus picos favoritos.<\/p>\n<p style=\"text-align: center;\">A menudo, ciudad-etapa del Tour de Francia, Luchon es uno de los mejores lugares para practicar ciclismo. Adem\u00e1s, los deportes a\u00e9reos se benefician de lugares favorables para su ejercicio gracias a la orientaci\u00f3n del valle, sus voladizos y con sus corrientes de aire caliente favorables : podr\u00e1 iniciarse al parapente o al planeador con profesionales de calidad.<\/p>\n<p style=\"text-align: center;\">La ubicaci\u00f3n del hotel a 200 metros del telef\u00e9rico de Superbagn\u00e8res le permite estar en las pistas en menos de 15 minutos para practicar esqu\u00ed o esnow-board . Las estaciones de Bourg d\u2019Oueil y Peyragudes tambi\u00e9n est\u00e1n cerca (20 minutos en coche).<\/p>\n<p style=\"text-align: center;\">Raquetas de nieve, paseos en trineo y esqu\u00ed de monta\u00f1a son otras alternativas.<\/p>\n<p style=\"text-align: center;\">La riqueza partimonial, arquitectural y cultural de la \u201cReina de los Pirineos\u201d as\u00ed como la belleza de las iglesias rom\u00e1nicas de los valles d\u2019Oueil y de Larboust son innegables : la Oficina de Turismo, situada frente a nuestro hotel, propone visitas.<\/p>\n","protected":false},"excerpt":{"rendered":"<p>Disfute de su estancia en los Pirineos Centrales y multiplique las actividades deportivas, culturales o de bienestar en un ambiente agradable y majestuoso. Las monta\u00f1as de Luchon que cuentan con 16 cumbres de m\u00e1s de 3000 metros, le invitan naturalmente a practicar senderismo y barranquismo. Una oficina de monta\u00f1as y gu\u00edas le aconsejar\u00e1n o le [&hellip;]<\/p>\n","protected":false},"author":46,"featured_media":0,"parent":0,"menu_order":50,"comment_status":"closed","ping_status":"closed","template":"","meta":{"footnotes":""},"class_list":["post-156","page","type-page","status-publish","hentry"],"yoast_head":"<!-- This site is optimized with the Yoast SEO plugin v26.9 - https:\/\/yoast.com\/product\/yoast-seo-wordpress\/ -->\n<title>Destino Bagn\u00e8res de Luchon - Alti Hotel<\/title>\n<meta name=\"description\" content=\"Disfute de su estancia en los Pirineos Centrales y multiplique las actividades deportivas, culturales o de bienestar en un ambiente agradable y\" \/>\n<meta name=\"robots\" content=\"index, follow, max-snippet:-1, max-image-preview:large, max-video-preview:-1\" \/>\n<link rel=\"canonical\" href=\"https:\/\/www.alti-hotel.com\/es\/destino-bagneres-de-luchon\/\" \/>\n<meta property=\"og:locale\" content=\"es_ES\" \/>\n<meta property=\"og:type\" content=\"article\" \/>\n<meta property=\"og:title\" content=\"Destino Bagn\u00e8res de Luchon - Alti Hotel\" \/>\n<meta property=\"og:description\" content=\"Disfute de su estancia en los Pirineos Centrales y multiplique las actividades deportivas, culturales o de bienestar en un ambiente agradable y\" \/>\n<meta property=\"og:url\" content=\"https:\/\/www.alti-hotel.com\/es\/destino-bagneres-de-luchon\/\" \/>\n<meta property=\"og:site_name\" content=\"Alti Hotel\" \/>\n<meta property=\"article:modified_time\" content=\"2021-12-17T16:09:21+00:00\" \/>\n<meta name=\"twitter:card\" content=\"summary_large_image\" \/>\n<meta name=\"twitter:label1\" content=\"Tiempo de lectura\" \/>\n\t<meta name=\"twitter:data1\" content=\"1 minuto\" \/>\n<script type=\"application\/ld+json\" class=\"yoast-schema-graph\">{\"@context\":\"https:\/\/schema.org\",\"@graph\":[{\"@type\":\"WebPage\",\"@id\":\"https:\/\/www.alti-hotel.com\/es\/destino-bagneres-de-luchon\/\",\"url\":\"https:\/\/www.alti-hotel.com\/es\/destino-bagneres-de-luchon\/\",\"name\":\"Destino Bagn\u00e8res de Luchon - Alti Hotel\",\"isPartOf\":{\"@id\":\"https:\/\/www.alti-hotel.com\/es\/#website\"},\"datePublished\":\"2021-12-06T12:36:22+00:00\",\"dateModified\":\"2021-12-17T16:09:21+00:00\",\"description\":\"Disfute de su estancia en los Pirineos Centrales y multiplique las actividades deportivas, culturales o de bienestar en un ambiente agradable y\",\"breadcrumb\":{\"@id\":\"https:\/\/www.alti-hotel.com\/es\/destino-bagneres-de-luchon\/#breadcrumb\"},\"inLanguage\":\"es\",\"potentialAction\":[{\"@type\":\"ReadAction\",\"target\":[\"https:\/\/www.alti-hotel.com\/es\/destino-bagneres-de-luchon\/\"]}]},{\"@type\":\"BreadcrumbList\",\"@id\":\"https:\/\/www.alti-hotel.com\/es\/destino-bagneres-de-luchon\/#breadcrumb\",\"itemListElement\":[{\"@type\":\"ListItem\",\"position\":1,\"name\":\"Accueil\",\"item\":\"https:\/\/www.alti-hotel.com\/es\/\"},{\"@type\":\"ListItem\",\"position\":2,\"name\":\"Destino Bagn\u00e8res de Luchon\"}]},{\"@type\":\"WebSite\",\"@id\":\"https:\/\/www.alti-hotel.com\/es\/#website\",\"url\":\"https:\/\/www.alti-hotel.com\/es\/\",\"name\":\"Alti Hotel\",\"description\":\"\",\"potentialAction\":[{\"@type\":\"SearchAction\",\"target\":{\"@type\":\"EntryPoint\",\"urlTemplate\":\"https:\/\/www.alti-hotel.com\/es\/?s={search_term_string}\"},\"query-input\":{\"@type\":\"PropertyValueSpecification\",\"valueRequired\":true,\"valueName\":\"search_term_string\"}}],\"inLanguage\":\"es\"}]}<\/script>\n<!-- \/ Yoast SEO plugin. -->","yoast_head_json":{"title":"Destino Bagn\u00e8res de Luchon - Alti Hotel","description":"Disfute de su estancia en los Pirineos Centrales y multiplique las actividades deportivas, culturales o de bienestar en un ambiente agradable y","robots":{"index":"index","follow":"follow","max-snippet":"max-snippet:-1","max-image-preview":"max-image-preview:large","max-video-preview":"max-video-preview:-1"},"canonical":"https:\/\/www.alti-hotel.com\/es\/destino-bagneres-de-luchon\/","og_locale":"es_ES","og_type":"article","og_title":"Destino Bagn\u00e8res de Luchon - Alti Hotel","og_description":"Disfute de su estancia en los Pirineos Centrales y multiplique las actividades deportivas, culturales o de bienestar en un ambiente agradable y","og_url":"https:\/\/www.alti-hotel.com\/es\/destino-bagneres-de-luchon\/","og_site_name":"Alti Hotel","article_modified_time":"2021-12-17T16:09:21+00:00","twitter_card":"summary_large_image","twitter_misc":{"Tiempo de lectura":"1 minuto"},"schema":{"@context":"https:\/\/schema.org","@graph":[{"@type":"WebPage","@id":"https:\/\/www.alti-hotel.com\/es\/destino-bagneres-de-luchon\/","url":"https:\/\/www.alti-hotel.com\/es\/destino-bagneres-de-luchon\/","name":"Destino Bagn\u00e8res de Luchon - Alti Hotel","isPartOf":{"@id":"https:\/\/www.alti-hotel.com\/es\/#website"},"datePublished":"2021-12-06T12:36:22+00:00","dateModified":"2021-12-17T16:09:21+00:00","description":"Disfute de su estancia en los Pirineos Centrales y multiplique las actividades deportivas, culturales o de bienestar en un ambiente agradable y","breadcrumb":{"@id":"https:\/\/www.alti-hotel.com\/es\/destino-bagneres-de-luchon\/#breadcrumb"},"inLanguage":"es","potentialAction":[{"@type":"ReadAction","target":["https:\/\/www.alti-hotel.com\/es\/destino-bagneres-de-luchon\/"]}]},{"@type":"BreadcrumbList","@id":"https:\/\/www.alti-hotel.com\/es\/destino-bagneres-de-luchon\/#breadcrumb","itemListElement":[{"@type":"ListItem","position":1,"name":"Accueil","item":"https:\/\/www.alti-hotel.com\/es\/"},{"@type":"ListItem","position":2,"name":"Destino Bagn\u00e8res de Luchon"}]},{"@type":"WebSite","@id":"https:\/\/www.alti-hotel.com\/es\/#website","url":"https:\/\/www.alti-hotel.com\/es\/","name":"Alti Hotel","description":"","potentialAction":[{"@type":"SearchAction","target":{"@type":"EntryPoint","urlTemplate":"https:\/\/www.alti-hotel.com\/es\/?s={search_term_string}"},"query-input":{"@type":"PropertyValueSpecification","valueRequired":true,"valueName":"search_term_string"}}],"inLanguage":"es"}]}},"acf":[],"_links":{"self":[{"href":"https:\/\/www.alti-hotel.com\/es\/wp-json\/wp\/v2\/pages\/156","targetHints":{"allow":["GET"]}}],"collection":[{"href":"https:\/\/www.alti-hotel.com\/es\/wp-json\/wp\/v2\/pages"}],"about":[{"href":"https:\/\/www.alti-hotel.com\/es\/wp-json\/wp\/v2\/types\/page"}],"author":[{"embeddable":true,"href":"https:\/\/www.alti-hotel.com\/es\/wp-json\/wp\/v2\/users\/46"}],"replies":[{"embeddable":true,"href":"https:\/\/www.alti-hotel.com\/es\/wp-json\/wp\/v2\/comments?post=156"}],"version-history":[{"count":0,"href":"https:\/\/www.alti-hotel.com\/es\/wp-json\/wp\/v2\/pages\/156\/revisions"}],"wp:attachment":[{"href":"https:\/\/www.alti-hotel.com\/es\/wp-json\/wp\/v2\/media?parent=156"}],"curies":[{"name":"wp","href":"https:\/\/api.w.org\/{rel}","templated":true}]}}