{"id":162,"date":"2021-12-06T13:40:51","date_gmt":"2021-12-06T12:40:51","guid":{"rendered":"https:\/\/alti-hotel.ms.decms.eu\/nous-contacter\/"},"modified":"2021-12-17T17:19:52","modified_gmt":"2021-12-17T16:19:52","slug":"contactenos","status":"publish","type":"page","link":"https:\/\/www.alti-hotel.com\/es\/contactenos\/","title":{"rendered":"Cont\u00e1ctenos"},"content":{"rendered":"<p id=\"tw-target-text\" class=\"tw-data-text tw-text-large tw-ta\" dir=\"ltr\" style=\"text-align: center;\" data-placeholder=\"Translation\"><span class=\"Y2IQFc\" lang=\"es\">Puede ponerse en contacto con nuestro equipo por tel\u00e9fono al<\/span> : <span style=\"text-align: center;\">+33(0)5 61 79 56 97<\/span><br \/>\no por correo electr\u00f3nico a la siguiente direcci\u00f3n : <a href=\"mailto:reception.luchon@actaluchon.com\">reception.luchon@actaluchon.com<\/a><\/p>\n<p>&nbsp;<\/p>\n<p style=\"text-align: center;\">\n                <div class='gf_browser_gecko gform_wrapper' id='gform_wrapper_3' ><form method='post' enctype='multipart\/form-data'  id='gform_3'  action='\/es\/wp-json\/wp\/v2\/pages\/162'>\n                        <div class='gform_body'><ul id='gform_fields_3' class='gform_fields top_label form_sublabel_below description_below'><li id='field_3_1'  class='gfield gfield_contains_required field_sublabel_below field_description_below gfield_visibility_visible' ><label class='gfield_label' for='input_3_1' >Apellido<span class='gfield_required'>*<\/span><\/label><div class='ginput_container ginput_container_text'><input name='input_1' id='input_3_1' type='text' value='' class='medium'    placeholder='Su apellido' aria-required=\"true\" aria-invalid=\"false\" \/><\/div><\/li><li id='field_3_2'  class='gfield gfield_contains_required field_sublabel_below field_description_below gfield_visibility_visible' ><label class='gfield_label' for='input_3_2' >Nombre<span class='gfield_required'>*<\/span><\/label><div class='ginput_container ginput_container_text'><input name='input_2' id='input_3_2' type='text' value='' class='medium'    placeholder='Su nombre' aria-required=\"true\" aria-invalid=\"false\" \/><\/div><\/li><li id='field_3_3'  class='gfield gfield_contains_required field_sublabel_below field_description_below gfield_visibility_visible' ><label class='gfield_label' for='input_3_3' >E-mail<span class='gfield_required'>*<\/span><\/label><div class='ginput_container ginput_container_text'><input name='input_3' id='input_3_3' type='text' value='' class='medium'    placeholder='Su E-mail' aria-required=\"true\" aria-invalid=\"false\" \/><\/div><\/li><li id='field_3_4'  class='gfield field_sublabel_below field_description_below gfield_visibility_visible' ><label class='gfield_label' for='input_3_4' >Objeto<\/label><div class='ginput_container ginput_container_text'><input name='input_4' id='input_3_4' type='text' value='' class='medium'    placeholder='Su objeto'  aria-invalid=\"false\" \/><\/div><\/li><li id='field_3_5'  class='gfield gfield_contains_required field_sublabel_below field_description_below gfield_visibility_visible textarea_field' ><label class='gfield_label' for='input_3_5' >Mensaje<span class='gfield_required'>*<\/span><\/label><div class='ginput_container ginput_container_textarea'><textarea name='input_5' id='input_3_5' class='textarea large'    placeholder='Su mensaje' aria-required=\"true\" aria-invalid=\"false\"   rows='10' cols='50'><\/textarea><\/div><\/li><li id='field_3_6'  class='gfield gfield_contains_required field_sublabel_below field_description_below gfield_visibility_visible' ><label class='gfield_label'  >Politica de confidentialidad<span class='gfield_required'>*<\/span><\/label><div class='ginput_container ginput_container_checkbox'><ul class='gfield_checkbox' id='input_3_6'><li class='gchoice_3_6_1'>\n\t\t\t\t\t\t\t\t<input name='input_6.1' type='checkbox'  value='Acepto el tratamiento de los datos personales tal y como se indica &lt;a href=&quot;https:\/\/alti-hotel.ms.decms.eu\/es\/menciones-legales\/&quot;&gt;aqu\u00ed&lt;\/a&gt;'  id='choice_3_6_1'   \/>\n\t\t\t\t\t\t\t\t<label for='choice_3_6_1' id='label_3_6_1'>Acepto el tratamiento de los datos personales tal y como se indica <a href=\"https:\/\/alti-hotel.ms.decms.eu\/es\/menciones-legales\/\" >aqu\u00ed<\/a><\/label>\n\t\t\t\t\t\t\t<\/li><\/ul><\/div><\/li><li id='field_3_8'  class='gfield field_sublabel_below field_description_below gfield_visibility_visible' ><label class='gfield_label' for='input_3_8' ><\/label><div id='input_3_8' class='ginput_container ginput_recaptcha' data-sitekey='6Lf5KYEdAAAAAOLHlm7GtOrLVBQn7l4bp6bnh1pd'  data-theme='light' data-tabindex='-1' data-size='invisible' data-badge='bottomright'><\/div><\/li><li id='field_3_9'  class='gfield gform_validation_container field_sublabel_below field_description_below gfield_visibility_visible' ><label class='gfield_label' for='input_3_9' >Comments<\/label><div class='ginput_container'><input name='input_9' id='input_3_9' type='text' value='' \/><\/div><div class='gfield_description' id='gfield_description_3_9'>Este campo es un campo de validaci\u00f3n y debe quedar sin cambios.<\/div><\/li>\n                            <\/ul><\/div>\n        <div class='gform_footer top_label'> <input type='submit' id='gform_submit_button_3' class='gform_button button' value='Enviar'  onclick='if(window[\"gf_submitting_3\"]){return false;}  window[\"gf_submitting_3\"]=true;  ' onkeypress='if( event.keyCode == 13 ){ if(window[\"gf_submitting_3\"]){return false;} window[\"gf_submitting_3\"]=true;  jQuery(\"#gform_3\").trigger(\"submit\",[true]); }' \/><div class=\"mandatory\">Campos obligatorios *<\/div> \n            <input type='hidden' class='gform_hidden' name='is_submit_3' value='1' \/>\n            <input type='hidden' class='gform_hidden' name='gform_submit' value='3' \/>\n            \n            <input type='hidden' class='gform_hidden' name='gform_unique_id' value='' \/>\n            <input type='hidden' class='gform_hidden' name='state_3' value='WyJbXSIsIjMzYmYyMWNkYTJhNzA4YTM1YzdlNzFmY2RiNzcyYTQwIl0=' \/>\n            <input type='hidden' class='gform_hidden' name='gform_target_page_number_3' id='gform_target_page_number_3' value='0' \/>\n            <input type='hidden' class='gform_hidden' name='gform_source_page_number_3' id='gform_source_page_number_3' value='1' \/>\n            <input type='hidden' name='gform_field_values' value='' \/>\n            \n        <\/div>\n                        <\/form>\n                        <\/div><\/p>\n","protected":false},"excerpt":{"rendered":"<p>Puede ponerse en contacto con nuestro equipo por tel\u00e9fono al : +33(0)5 61 79 56 97 o por correo electr\u00f3nico a la siguiente direcci\u00f3n : reception.luchon@actaluchon.com &nbsp;<\/p>\n","protected":false},"author":46,"featured_media":0,"parent":0,"menu_order":90,"comment_status":"closed","ping_status":"closed","template":"template-contacts.php","meta":{"footnotes":""},"class_list":["post-162","page","type-page","status-publish","hentry"],"yoast_head":"<!-- This site is optimized with the Yoast SEO plugin v26.9 - https:\/\/yoast.com\/product\/yoast-seo-wordpress\/ -->\n<title>Cont\u00e1ctenos - Alti Hotel<\/title>\n<meta name=\"description\" content=\"Puede ponerse en contaco al : +33(0)5 61 79 56 97o por correo electr\u00f3nico a la siguiente direcci\u00f3n : reception.luchon@actaluchon.com\" \/>\n<meta name=\"robots\" content=\"index, follow, max-snippet:-1, max-image-preview:large, max-video-preview:-1\" \/>\n<link rel=\"canonical\" href=\"https:\/\/www.alti-hotel.com\/es\/contactenos\/\" \/>\n<meta property=\"og:locale\" content=\"es_ES\" \/>\n<meta property=\"og:type\" content=\"article\" \/>\n<meta property=\"og:title\" content=\"Cont\u00e1ctenos - Alti Hotel\" \/>\n<meta property=\"og:description\" content=\"Puede ponerse en contaco al : +33(0)5 61 79 56 97o por correo electr\u00f3nico a la siguiente direcci\u00f3n : reception.luchon@actaluchon.com\" \/>\n<meta property=\"og:url\" content=\"https:\/\/www.alti-hotel.com\/es\/contactenos\/\" \/>\n<meta property=\"og:site_name\" content=\"Alti Hotel\" \/>\n<meta property=\"article:modified_time\" content=\"2021-12-17T16:19:52+00:00\" \/>\n<meta name=\"twitter:card\" content=\"summary_large_image\" \/>\n<meta name=\"twitter:label1\" content=\"Tiempo de lectura\" \/>\n\t<meta name=\"twitter:data1\" content=\"1 minuto\" \/>\n<script type=\"application\/ld+json\" class=\"yoast-schema-graph\">{\"@context\":\"https:\/\/schema.org\",\"@graph\":[{\"@type\":\"WebPage\",\"@id\":\"https:\/\/www.alti-hotel.com\/es\/contactenos\/\",\"url\":\"https:\/\/www.alti-hotel.com\/es\/contactenos\/\",\"name\":\"Cont\u00e1ctenos - Alti Hotel\",\"isPartOf\":{\"@id\":\"https:\/\/www.alti-hotel.com\/es\/#website\"},\"datePublished\":\"2021-12-06T12:40:51+00:00\",\"dateModified\":\"2021-12-17T16:19:52+00:00\",\"description\":\"Puede ponerse en contaco al : +33(0)5 61 79 56 97o por correo electr\u00f3nico a la siguiente direcci\u00f3n : reception.luchon@actaluchon.com\",\"breadcrumb\":{\"@id\":\"https:\/\/www.alti-hotel.com\/es\/contactenos\/#breadcrumb\"},\"inLanguage\":\"es\",\"potentialAction\":[{\"@type\":\"ReadAction\",\"target\":[\"https:\/\/www.alti-hotel.com\/es\/contactenos\/\"]}]},{\"@type\":\"BreadcrumbList\",\"@id\":\"https:\/\/www.alti-hotel.com\/es\/contactenos\/#breadcrumb\",\"itemListElement\":[{\"@type\":\"ListItem\",\"position\":1,\"name\":\"Accueil\",\"item\":\"https:\/\/www.alti-hotel.com\/es\/\"},{\"@type\":\"ListItem\",\"position\":2,\"name\":\"Cont\u00e1ctenos\"}]},{\"@type\":\"WebSite\",\"@id\":\"https:\/\/www.alti-hotel.com\/es\/#website\",\"url\":\"https:\/\/www.alti-hotel.com\/es\/\",\"name\":\"Alti Hotel\",\"description\":\"\",\"potentialAction\":[{\"@type\":\"SearchAction\",\"target\":{\"@type\":\"EntryPoint\",\"urlTemplate\":\"https:\/\/www.alti-hotel.com\/es\/?s={search_term_string}\"},\"query-input\":{\"@type\":\"PropertyValueSpecification\",\"valueRequired\":true,\"valueName\":\"search_term_string\"}}],\"inLanguage\":\"es\"}]}<\/script>\n<!-- \/ Yoast SEO plugin. -->","yoast_head_json":{"title":"Cont\u00e1ctenos - Alti Hotel","description":"Puede ponerse en contaco al : +33(0)5 61 79 56 97o por correo electr\u00f3nico a la siguiente direcci\u00f3n : reception.luchon@actaluchon.com","robots":{"index":"index","follow":"follow","max-snippet":"max-snippet:-1","max-image-preview":"max-image-preview:large","max-video-preview":"max-video-preview:-1"},"canonical":"https:\/\/www.alti-hotel.com\/es\/contactenos\/","og_locale":"es_ES","og_type":"article","og_title":"Cont\u00e1ctenos - Alti Hotel","og_description":"Puede ponerse en contaco al : +33(0)5 61 79 56 97o por correo electr\u00f3nico a la siguiente direcci\u00f3n : reception.luchon@actaluchon.com","og_url":"https:\/\/www.alti-hotel.com\/es\/contactenos\/","og_site_name":"Alti Hotel","article_modified_time":"2021-12-17T16:19:52+00:00","twitter_card":"summary_large_image","twitter_misc":{"Tiempo de lectura":"1 minuto"},"schema":{"@context":"https:\/\/schema.org","@graph":[{"@type":"WebPage","@id":"https:\/\/www.alti-hotel.com\/es\/contactenos\/","url":"https:\/\/www.alti-hotel.com\/es\/contactenos\/","name":"Cont\u00e1ctenos - Alti Hotel","isPartOf":{"@id":"https:\/\/www.alti-hotel.com\/es\/#website"},"datePublished":"2021-12-06T12:40:51+00:00","dateModified":"2021-12-17T16:19:52+00:00","description":"Puede ponerse en contaco al : +33(0)5 61 79 56 97o por correo electr\u00f3nico a la siguiente direcci\u00f3n : reception.luchon@actaluchon.com","breadcrumb":{"@id":"https:\/\/www.alti-hotel.com\/es\/contactenos\/#breadcrumb"},"inLanguage":"es","potentialAction":[{"@type":"ReadAction","target":["https:\/\/www.alti-hotel.com\/es\/contactenos\/"]}]},{"@type":"BreadcrumbList","@id":"https:\/\/www.alti-hotel.com\/es\/contactenos\/#breadcrumb","itemListElement":[{"@type":"ListItem","position":1,"name":"Accueil","item":"https:\/\/www.alti-hotel.com\/es\/"},{"@type":"ListItem","position":2,"name":"Cont\u00e1ctenos"}]},{"@type":"WebSite","@id":"https:\/\/www.alti-hotel.com\/es\/#website","url":"https:\/\/www.alti-hotel.com\/es\/","name":"Alti Hotel","description":"","potentialAction":[{"@type":"SearchAction","target":{"@type":"EntryPoint","urlTemplate":"https:\/\/www.alti-hotel.com\/es\/?s={search_term_string}"},"query-input":{"@type":"PropertyValueSpecification","valueRequired":true,"valueName":"search_term_string"}}],"inLanguage":"es"}]}},"acf":[],"_links":{"self":[{"href":"https:\/\/www.alti-hotel.com\/es\/wp-json\/wp\/v2\/pages\/162","targetHints":{"allow":["GET"]}}],"collection":[{"href":"https:\/\/www.alti-hotel.com\/es\/wp-json\/wp\/v2\/pages"}],"about":[{"href":"https:\/\/www.alti-hotel.com\/es\/wp-json\/wp\/v2\/types\/page"}],"author":[{"embeddable":true,"href":"https:\/\/www.alti-hotel.com\/es\/wp-json\/wp\/v2\/users\/46"}],"replies":[{"embeddable":true,"href":"https:\/\/www.alti-hotel.com\/es\/wp-json\/wp\/v2\/comments?post=162"}],"version-history":[{"count":0,"href":"https:\/\/www.alti-hotel.com\/es\/wp-json\/wp\/v2\/pages\/162\/revisions"}],"wp:attachment":[{"href":"https:\/\/www.alti-hotel.com\/es\/wp-json\/wp\/v2\/media?parent=162"}],"curies":[{"name":"wp","href":"https:\/\/api.w.org\/{rel}","templated":true}]}}