{"id":163,"date":"2021-12-06T13:44:00","date_gmt":"2021-12-06T12:44:00","guid":{"rendered":"https:\/\/alti-hotel.ms.decms.eu\/mentions-legales\/"},"modified":"2021-12-20T10:47:28","modified_gmt":"2021-12-20T09:47:28","slug":"menciones-legales","status":"publish","type":"page","link":"https:\/\/www.alti-hotel.com\/es\/menciones-legales\/","title":{"rendered":"Menciones legales"},"content":{"rendered":"<p style=\"text-align: center;\">ALTI H\u00f4tel<br \/>\n19 all\u00e9es d\u2019Etigny<br \/>\n31110 Bagn\u00e8res de Luchon<br \/>\n<a href=\"mailto:reception.luchon@actaluchon.com\">reception.luchon@actaluchon.com<\/a><br \/>\nSiret : 793 868 480 00013<\/p>\n<h2 style=\"text-align: center;\">Cr\u00e9ation et d\u00e9veloppement<\/h2>\n<p style=\"text-align: center;\">La Soci\u00e9t\u00e9 D-EDGE<\/p>\n<p style=\"text-align: center;\">66, rue des Archives \u00e0 PARIS (75003)<br \/>\nRCS PARIS N\u00b0 431 513 852<\/p>\n<h2 style=\"text-align: center;\">H\u00e9bergement<\/h2>\n<p style=\"text-align: center;\">WPEngine, Inc. Irongate House,<br \/>\n22-30 Duke\u2019s Place Londres, EC3A 7LP, Royaume-Uni<br \/>\nT\u00e9l\u00e9phone : 08 00 50 53 049<\/p>\n<h2 style=\"text-align: center;\">\u00c9diteur du site<\/h2>\n<p style=\"text-align: center;\">Soci\u00e9t\u00e9 ALTI H\u00f4tel<\/p>\n<h2 style=\"text-align: center;\">Propri\u00e9t\u00e9 intellectuelle<\/h2>\n<p style=\"text-align: center;\">L\u2019ensemble de ce site rel\u00e8ve de la l\u00e9gislation fran\u00e7aise et internationale sur le droit d\u2019auteur et la propri\u00e9t\u00e9 intellectuelle. Les \u00e9l\u00e9ments composant ce site sont la propri\u00e9t\u00e9 exclusive de l\u2019ALTI H\u00f4tel.Tous les droits de reproduction sont r\u00e9serv\u00e9s. La reproduction ou repr\u00e9sentation, int\u00e9grale ou partielle, de ce site sur un support \u00e9lectronique ou tout autre support quel qu\u2019il soit est formellement interdite sauf autorisation expresse du directeur de publication.<\/p>\n<h2 style=\"text-align: center;\">Droits des utilisateurs<\/h2>\n<p style=\"text-align: center;\">Conform\u00e9ment \u00e0 la r\u00e9glementation europ\u00e9enne et \u00e0 la loi Informatique et libert\u00e9s du 6 janvier 1978, les internautes dont les donn\u00e9es personnelles sont trait\u00e9es par la soci\u00e9t\u00e9 ALTI H\u00f4tel ont le droit d&#8217;acc\u00e9der \u00e0 leurs donn\u00e9es et le droit de demander la rectification, la mise \u00e0 jour et la suppression de leurs donn\u00e9es personnelles en \u00e9crivant \u00e0 l&#8217;adresse postale de l&#8217;\u00e9diteur du site.<\/p>\n<h2 style=\"text-align: center;\">Donn\u00e9es personnelles<\/h2>\n<p style=\"text-align: center;\">Les donn\u00e9es personnelles sont conserv\u00e9es au minimum durant toute la dur\u00e9e de la relation commerciale et, le cas \u00e9ch\u00e9ant, jusqu&#8217;\u00e0 ce que l&#8217;internaute fasse une demande de retrait. Les informations nominatives ne sont jamais transmises \u00e0 des tiers.<\/p>\n<h2 style=\"text-align: center;\">Cookies<\/h2>\n<p style=\"text-align: center;\">Les cookies utilis\u00e9s sur ce site ne sont utilis\u00e9s qu&#8217;\u00e0 des fins statistiques, ne comportent aucune information \u00e0 caract\u00e8re priv\u00e9 et ne permettent pas d&#8217;identifier l&#8217;internaute. La dur\u00e9e de conservation des cookies est de 1 an.<\/p>\n<h2 style=\"text-align: center;\">Force majeure<\/h2>\n<p style=\"text-align: center;\">La responsabilit\u00e9 de l&#8217;\u00e9diteur du site ne pourra \u00eatre engag\u00e9e en cas de force majeure ou de faits ind\u00e9pendants de sa volont\u00e9.<\/p>\n<h2 style=\"text-align: center;\">Modifications des mentions l\u00e9gales<\/h2>\n<p style=\"text-align: center;\">L\u2019\u00e9diteur se r\u00e9serve le droit de modifier, librement et \u00e0 tout moment, les mentions l\u00e9gales du site. L\u2019utilisation du site constitue l&#8217;acceptation des mentions l\u00e9gales en vigueur.<\/p>\n<h2 style=\"text-align: center;\">Loi applicable<\/h2>\n<p style=\"text-align: center;\">Le site <a href=\"http:\/\/www.alti-hotel.com\">www.alti-hotel.com<\/a> est r\u00e9gi par la loi fran\u00e7aise.<\/p>\n","protected":false},"excerpt":{"rendered":"<p>ALTI H\u00f4tel 19 all\u00e9es d\u2019Etigny 31110 Bagn\u00e8res de Luchon reception.luchon@actaluchon.com Siret : 793 868 480 00013 Cr\u00e9ation et d\u00e9veloppement La Soci\u00e9t\u00e9 D-EDGE 66, rue des Archives \u00e0 PARIS (75003) RCS PARIS N\u00b0 431 513 852 H\u00e9bergement WPEngine, Inc. Irongate House, 22-30 Duke\u2019s Place Londres, EC3A 7LP, Royaume-Uni T\u00e9l\u00e9phone : 08 00 50 53 049 \u00c9diteur [&hellip;]<\/p>\n","protected":false},"author":46,"featured_media":0,"parent":0,"menu_order":100,"comment_status":"closed","ping_status":"closed","template":"","meta":{"footnotes":""},"class_list":["post-163","page","type-page","status-publish","hentry"],"yoast_head":"<!-- This site is optimized with the Yoast SEO plugin v26.9 - https:\/\/yoast.com\/product\/yoast-seo-wordpress\/ -->\n<title>Menciones legales - Alti Hotel<\/title>\n<meta name=\"description\" content=\"ALTI H\u00f4tel 19 all\u00e9es d\u2019Etigny 31110 Bagn\u00e8res de Luchon reception.luchon@actaluchon.com Siret : 793 868 480 00013 Cr\u00e9ation et d\u00e9veloppement La Soci\u00e9t\u00e9\" \/>\n<meta name=\"robots\" content=\"index, follow, max-snippet:-1, max-image-preview:large, max-video-preview:-1\" \/>\n<link rel=\"canonical\" href=\"https:\/\/www.alti-hotel.com\/es\/menciones-legales\/\" \/>\n<meta property=\"og:locale\" content=\"es_ES\" \/>\n<meta property=\"og:type\" content=\"article\" \/>\n<meta property=\"og:title\" content=\"Menciones legales - Alti Hotel\" \/>\n<meta property=\"og:description\" content=\"ALTI H\u00f4tel 19 all\u00e9es d\u2019Etigny 31110 Bagn\u00e8res de Luchon reception.luchon@actaluchon.com Siret : 793 868 480 00013 Cr\u00e9ation et d\u00e9veloppement La Soci\u00e9t\u00e9\" \/>\n<meta property=\"og:url\" content=\"https:\/\/www.alti-hotel.com\/es\/menciones-legales\/\" \/>\n<meta property=\"og:site_name\" content=\"Alti Hotel\" \/>\n<meta property=\"article:modified_time\" content=\"2021-12-20T09:47:28+00:00\" \/>\n<meta name=\"twitter:card\" content=\"summary_large_image\" \/>\n<meta name=\"twitter:label1\" content=\"Tiempo de lectura\" \/>\n\t<meta name=\"twitter:data1\" content=\"2 minutos\" \/>\n<script type=\"application\/ld+json\" class=\"yoast-schema-graph\">{\"@context\":\"https:\/\/schema.org\",\"@graph\":[{\"@type\":\"WebPage\",\"@id\":\"https:\/\/www.alti-hotel.com\/es\/menciones-legales\/\",\"url\":\"https:\/\/www.alti-hotel.com\/es\/menciones-legales\/\",\"name\":\"Menciones legales - Alti Hotel\",\"isPartOf\":{\"@id\":\"https:\/\/www.alti-hotel.com\/es\/#website\"},\"datePublished\":\"2021-12-06T12:44:00+00:00\",\"dateModified\":\"2021-12-20T09:47:28+00:00\",\"description\":\"ALTI H\u00f4tel 19 all\u00e9es d\u2019Etigny 31110 Bagn\u00e8res de Luchon reception.luchon@actaluchon.com Siret : 793 868 480 00013 Cr\u00e9ation et d\u00e9veloppement La Soci\u00e9t\u00e9\",\"breadcrumb\":{\"@id\":\"https:\/\/www.alti-hotel.com\/es\/menciones-legales\/#breadcrumb\"},\"inLanguage\":\"es\",\"potentialAction\":[{\"@type\":\"ReadAction\",\"target\":[\"https:\/\/www.alti-hotel.com\/es\/menciones-legales\/\"]}]},{\"@type\":\"BreadcrumbList\",\"@id\":\"https:\/\/www.alti-hotel.com\/es\/menciones-legales\/#breadcrumb\",\"itemListElement\":[{\"@type\":\"ListItem\",\"position\":1,\"name\":\"Accueil\",\"item\":\"https:\/\/www.alti-hotel.com\/es\/\"},{\"@type\":\"ListItem\",\"position\":2,\"name\":\"Menciones legales\"}]},{\"@type\":\"WebSite\",\"@id\":\"https:\/\/www.alti-hotel.com\/es\/#website\",\"url\":\"https:\/\/www.alti-hotel.com\/es\/\",\"name\":\"Alti Hotel\",\"description\":\"\",\"potentialAction\":[{\"@type\":\"SearchAction\",\"target\":{\"@type\":\"EntryPoint\",\"urlTemplate\":\"https:\/\/www.alti-hotel.com\/es\/?s={search_term_string}\"},\"query-input\":{\"@type\":\"PropertyValueSpecification\",\"valueRequired\":true,\"valueName\":\"search_term_string\"}}],\"inLanguage\":\"es\"}]}<\/script>\n<!-- \/ Yoast SEO plugin. -->","yoast_head_json":{"title":"Menciones legales - Alti Hotel","description":"ALTI H\u00f4tel 19 all\u00e9es d\u2019Etigny 31110 Bagn\u00e8res de Luchon reception.luchon@actaluchon.com Siret : 793 868 480 00013 Cr\u00e9ation et d\u00e9veloppement La Soci\u00e9t\u00e9","robots":{"index":"index","follow":"follow","max-snippet":"max-snippet:-1","max-image-preview":"max-image-preview:large","max-video-preview":"max-video-preview:-1"},"canonical":"https:\/\/www.alti-hotel.com\/es\/menciones-legales\/","og_locale":"es_ES","og_type":"article","og_title":"Menciones legales - Alti Hotel","og_description":"ALTI H\u00f4tel 19 all\u00e9es d\u2019Etigny 31110 Bagn\u00e8res de Luchon reception.luchon@actaluchon.com Siret : 793 868 480 00013 Cr\u00e9ation et d\u00e9veloppement La Soci\u00e9t\u00e9","og_url":"https:\/\/www.alti-hotel.com\/es\/menciones-legales\/","og_site_name":"Alti Hotel","article_modified_time":"2021-12-20T09:47:28+00:00","twitter_card":"summary_large_image","twitter_misc":{"Tiempo de lectura":"2 minutos"},"schema":{"@context":"https:\/\/schema.org","@graph":[{"@type":"WebPage","@id":"https:\/\/www.alti-hotel.com\/es\/menciones-legales\/","url":"https:\/\/www.alti-hotel.com\/es\/menciones-legales\/","name":"Menciones legales - Alti Hotel","isPartOf":{"@id":"https:\/\/www.alti-hotel.com\/es\/#website"},"datePublished":"2021-12-06T12:44:00+00:00","dateModified":"2021-12-20T09:47:28+00:00","description":"ALTI H\u00f4tel 19 all\u00e9es d\u2019Etigny 31110 Bagn\u00e8res de Luchon reception.luchon@actaluchon.com Siret : 793 868 480 00013 Cr\u00e9ation et d\u00e9veloppement La Soci\u00e9t\u00e9","breadcrumb":{"@id":"https:\/\/www.alti-hotel.com\/es\/menciones-legales\/#breadcrumb"},"inLanguage":"es","potentialAction":[{"@type":"ReadAction","target":["https:\/\/www.alti-hotel.com\/es\/menciones-legales\/"]}]},{"@type":"BreadcrumbList","@id":"https:\/\/www.alti-hotel.com\/es\/menciones-legales\/#breadcrumb","itemListElement":[{"@type":"ListItem","position":1,"name":"Accueil","item":"https:\/\/www.alti-hotel.com\/es\/"},{"@type":"ListItem","position":2,"name":"Menciones legales"}]},{"@type":"WebSite","@id":"https:\/\/www.alti-hotel.com\/es\/#website","url":"https:\/\/www.alti-hotel.com\/es\/","name":"Alti Hotel","description":"","potentialAction":[{"@type":"SearchAction","target":{"@type":"EntryPoint","urlTemplate":"https:\/\/www.alti-hotel.com\/es\/?s={search_term_string}"},"query-input":{"@type":"PropertyValueSpecification","valueRequired":true,"valueName":"search_term_string"}}],"inLanguage":"es"}]}},"acf":[],"_links":{"self":[{"href":"https:\/\/www.alti-hotel.com\/es\/wp-json\/wp\/v2\/pages\/163","targetHints":{"allow":["GET"]}}],"collection":[{"href":"https:\/\/www.alti-hotel.com\/es\/wp-json\/wp\/v2\/pages"}],"about":[{"href":"https:\/\/www.alti-hotel.com\/es\/wp-json\/wp\/v2\/types\/page"}],"author":[{"embeddable":true,"href":"https:\/\/www.alti-hotel.com\/es\/wp-json\/wp\/v2\/users\/46"}],"replies":[{"embeddable":true,"href":"https:\/\/www.alti-hotel.com\/es\/wp-json\/wp\/v2\/comments?post=163"}],"version-history":[{"count":0,"href":"https:\/\/www.alti-hotel.com\/es\/wp-json\/wp\/v2\/pages\/163\/revisions"}],"wp:attachment":[{"href":"https:\/\/www.alti-hotel.com\/es\/wp-json\/wp\/v2\/media?parent=163"}],"curies":[{"name":"wp","href":"https:\/\/api.w.org\/{rel}","templated":true}]}}